{"id":21,"date":"2020-09-30T09:33:58","date_gmt":"2020-09-30T09:33:58","guid":{"rendered":"https:\/\/xstore.8theme.com\/elementor\/demos\/medical02\/cart\/"},"modified":"2020-09-30T09:33:58","modified_gmt":"2020-09-30T09:33:58","slug":"cart-2","status":"publish","type":"page","link":"https:\/\/ciscomedical.com\/index.php\/cart-2\/","title":{"rendered":"Cart"},"content":{"rendered":"<div class=\"woocommerce\">\r\n\r\n<div class=\"woocommerce-notices-wrapper\"><\/div><div class=\"wc-empty-cart-message\">\n\t<div class=\"cart-empty woocommerce-info\">\n\t\tTu carrito est\u00e1 vac\u00edo.\t<\/div>\n<\/div>\r\n<div class=\"cart-empty empty-cart-block\">\r\n\t\t\t<div id=\"tw-target-text-container\" class=\"tw-ta-container F0azHf tw-nfl\">\n<pre id=\"tw-target-text\" class=\"tw-data-text tw-text-large tw-ta\" dir=\"ltr\" data-placeholder=\"Traducci\u00f3n\"><span class=\"Y2IQFc\" lang=\"es\">SU CESTA EST\u00c1 VAC\u00cdA<\/span><\/pre>\n<\/div>\n<div id=\"tw-target-rmn-container\" class=\"tw-target-rmn tw-ta-container F0azHf tw-nfl\">\n<pre id=\"tw-target-rmn\" class=\"tw-data-placeholder tw-text-small tw-ta\" dir=\"ltr\" data-placeholder=\"\">\u00a0<\/pre>\n<\/div>\n<div class=\"iYB33c\">\n<div class=\"dlJLJe\">\n<div data-cviv=\"false\" data-ved=\"2ahUKEwi5682n8K__AhX7q4QIHSapAbAQz_AEegQIBRAP\">\n<div class=\"U9URNb\">\n<div id=\"tw-target-text-container\" class=\"tw-ta-container F0azHf tw-nfl\">\n<pre id=\"tw-target-text\" class=\"tw-data-text tw-text-large tw-ta\" dir=\"ltr\" data-placeholder=\"Traducci\u00f3n\"><span class=\"Y2IQFc\" lang=\"es\">Le invitamos a familiarizarse con una variedad de nuestra tienda. \u00a1Seguro que puedes encontrar algo para ti!<\/span><\/pre>\n<\/div>\n<div id=\"tw-target-rmn-container\" class=\"tw-target-rmn tw-ta-container F0azHf tw-nfl\">\n<pre id=\"tw-target-rmn\" class=\"tw-data-placeholder tw-text-small tw-ta\" dir=\"ltr\" data-placeholder=\"\">\u00a0<\/pre>\n<\/div>\n<div class=\"iYB33c\">\n<div class=\"dlJLJe\">\n<div data-cviv=\"false\" data-ved=\"2ahUKEwi5682n8K__AhX7q4QIHSapAbAQz_AEegQIBRAP\">\n<div class=\"U9URNb\">\u00a0<\/div>\n<\/div>\n<\/div>\n<div id=\"tw-tmenu\" class=\"tw-menu\">\u00a0<\/div>\n<\/div>\n<\/div>\n<\/div>\n<\/div>\n<\/div>\t\t\t\t<p><a class=\"btn black\" href=\"https:\/\/ciscomedical.com\/index.php\/shop-2\/\"><span>Return To Shop<\/span><\/a><\/p>\r\n\t<\/div><\/div>\n","protected":false},"excerpt":{"rendered":"Tu carrito est\u00e1 vac\u00edo. SU CESTA EST\u00c1 VAC\u00cdA \u00a0 Le invitamos a familiarizarse con una variedad de nuestra tienda. \u00a1Seguro que puedes encontrar algo para...","protected":false},"author":1,"featured_media":0,"parent":0,"menu_order":0,"comment_status":"closed","ping_status":"closed","template":"","meta":{"om_disable_all_campaigns":false,"_monsterinsights_skip_tracking":false,"_monsterinsights_sitenote_active":false,"_monsterinsights_sitenote_note":"","_monsterinsights_sitenote_category":0,"footnotes":""},"aioseo_notices":[],"_links":{"self":[{"href":"https:\/\/ciscomedical.com\/index.php\/wp-json\/wp\/v2\/pages\/21"}],"collection":[{"href":"https:\/\/ciscomedical.com\/index.php\/wp-json\/wp\/v2\/pages"}],"about":[{"href":"https:\/\/ciscomedical.com\/index.php\/wp-json\/wp\/v2\/types\/page"}],"author":[{"embeddable":true,"href":"https:\/\/ciscomedical.com\/index.php\/wp-json\/wp\/v2\/users\/1"}],"replies":[{"embeddable":true,"href":"https:\/\/ciscomedical.com\/index.php\/wp-json\/wp\/v2\/comments?post=21"}],"version-history":[{"count":0,"href":"https:\/\/ciscomedical.com\/index.php\/wp-json\/wp\/v2\/pages\/21\/revisions"}],"wp:attachment":[{"href":"https:\/\/ciscomedical.com\/index.php\/wp-json\/wp\/v2\/media?parent=21"}],"curies":[{"name":"wp","href":"https:\/\/api.w.org\/{rel}","templated":true}]}}