{"id":28,"date":"2020-09-30T09:45:43","date_gmt":"2020-09-30T09:45:43","guid":{"rendered":"https:\/\/xstore.8theme.com\/elementor\/demos\/medical02\/?page_id=28"},"modified":"2023-06-03T05:54:25","modified_gmt":"2023-06-03T05:54:25","slug":"about-us","status":"publish","type":"page","link":"https:\/\/ciscomedical.com\/index.php\/about-us\/","title":{"rendered":"Nosotros"},"content":{"rendered":"\t\t<div data-elementor-type=\"wp-page\" data-elementor-id=\"28\" class=\"elementor elementor-28\">\n\t\t\t\t\t\t<section class=\"elementor-section elementor-top-section elementor-element elementor-element-6489a76 elementor-section-boxed elementor-section-height-default elementor-section-height-default elementor-invisible\" data-id=\"6489a76\" data-element_type=\"section\" data-settings=\"{&quot;animation&quot;:&quot;fadeIn&quot;}\">\n\t\t\t\t\t\t<div class=\"elementor-container elementor-column-gap-no\">\n\t\t\t\t\t<div class=\"elementor-column elementor-col-100 elementor-top-column elementor-element elementor-element-b1972ba\" data-id=\"b1972ba\" data-element_type=\"column\">\n\t\t\t<div class=\"elementor-widget-wrap elementor-element-populated\">\n\t\t\t\t\t\t<div class=\"elementor-element elementor-element-6372a0de elementor-widget elementor-widget-text-editor\" data-id=\"6372a0de\" data-element_type=\"widget\" data-widget_type=\"text-editor.default\">\n\t\t\t\t<div class=\"elementor-widget-container\">\n\t\t\t\t\t\t\t\t\t<p><strong>SOMOS UNA EMPRESA CON PRESENCIA EN EL MERCADO DE LA SALUD<\/strong><br \/><strong>DESDE 2020<\/strong><\/p><p><strong>Con especialidad en medios de contraste que actualmente cuenta con cobertura en mexico y brinda servicio a 17 hospitales nuestros clientes nos respaldan.<\/strong><\/p>\t\t\t\t\t\t\t\t<\/div>\n\t\t\t\t<\/div>\n\t\t\t\t<div class=\"elementor-element elementor-element-24d691e elementor-widget elementor-widget-image\" data-id=\"24d691e\" data-element_type=\"widget\" data-widget_type=\"image.default\">\n\t\t\t\t<div class=\"elementor-widget-container\">\n\t\t\t\t\t\t\t\t\t\t\t\t\t\t\t<img fetchpriority=\"high\" decoding=\"async\" width=\"1200\" height=\"570\" src=\"https:\/\/ciscomedical.com\/wp-content\/uploads\/2020\/10\/Image-copy.png\" class=\"attachment-full size-full wp-image-310\" alt=\"\" \/>\t\t\t\t\t\t\t\t\t\t\t\t\t\t\t<\/div>\n\t\t\t\t<\/div>\n\t\t\t\t\t<\/div>\n\t\t<\/div>\n\t\t\t\t\t<\/div>\n\t\t<\/section>\n\t\t\t\t<section class=\"elementor-section elementor-top-section elementor-element elementor-element-9fb8c60 elementor-section-stretched elementor-section-boxed elementor-section-height-default elementor-section-height-default\" data-id=\"9fb8c60\" data-element_type=\"section\" data-settings=\"{&quot;background_background&quot;:&quot;classic&quot;,&quot;stretch_section&quot;:&quot;section-stretched&quot;}\">\n\t\t\t\t\t\t<div class=\"elementor-container elementor-column-gap-no\">\n\t\t\t\t\t<div class=\"elementor-column elementor-col-33 elementor-top-column elementor-element elementor-element-184a091 elementor-invisible\" data-id=\"184a091\" data-element_type=\"column\" data-settings=\"{&quot;animation&quot;:&quot;fadeInLeft&quot;}\">\n\t\t\t<div class=\"elementor-widget-wrap elementor-element-populated\">\n\t\t\t\t\t\t<div class=\"elementor-element elementor-element-da3df45 elementor-position-top elementor-widget elementor-widget-image-box\" data-id=\"da3df45\" data-element_type=\"widget\" data-widget_type=\"image-box.default\">\n\t\t\t\t<div class=\"elementor-widget-container\">\n\t\t\t\t\t<div class=\"elementor-image-box-wrapper\"><figure class=\"elementor-image-box-img\"><img decoding=\"async\" width=\"190\" height=\"190\" src=\"https:\/\/ciscomedical.com\/wp-content\/uploads\/2020\/10\/Icon_1-1.png\" class=\"attachment-full size-full wp-image-672\" alt=\"\" \/><\/figure><div class=\"elementor-image-box-content\"><h3 class=\"elementor-image-box-title\">MISION<\/h3><p class=\"elementor-image-box-description\">En cisco medical nuestra misi\u00f3n es llevar a nuestros clientes los productos con la mejor calidad y el servicio tanto para los usuarios y pacientes de nuestros clientes a su ves potenciando su productividad con la mejor y mas alta tecnolog\u00eda disponible.<\/p><\/div><\/div>\t\t\t\t<\/div>\n\t\t\t\t<\/div>\n\t\t\t\t\t<\/div>\n\t\t<\/div>\n\t\t\t\t<div class=\"elementor-column elementor-col-33 elementor-top-column elementor-element elementor-element-7ee12de elementor-invisible\" data-id=\"7ee12de\" data-element_type=\"column\" data-settings=\"{&quot;animation&quot;:&quot;fadeInUp&quot;}\">\n\t\t\t<div class=\"elementor-widget-wrap elementor-element-populated\">\n\t\t\t\t\t\t<div class=\"elementor-element elementor-element-6e2b40f elementor-position-top elementor-widget elementor-widget-image-box\" data-id=\"6e2b40f\" data-element_type=\"widget\" data-widget_type=\"image-box.default\">\n\t\t\t\t<div class=\"elementor-widget-container\">\n\t\t\t\t\t<div class=\"elementor-image-box-wrapper\"><figure class=\"elementor-image-box-img\"><img decoding=\"async\" width=\"190\" height=\"190\" src=\"https:\/\/ciscomedical.com\/wp-content\/uploads\/2020\/10\/Icon_2-1.png\" class=\"attachment-full size-full wp-image-674\" alt=\"\" \/><\/figure><div class=\"elementor-image-box-content\"><h3 class=\"elementor-image-box-title\">VISION<\/h3><p class=\"elementor-image-box-description\">En cisco medical tenemos visi\u00f3n de convertirnos en la empresa de lentes intraoculares y medios de contraste mas importante de la pen\u00ednsula de Yucat\u00e1n a su ves abarcando sistemas m\u00e9dicos de otras especialidades de manera internacional diferenci\u00e1ndonos y siendo reconocidos por ser excelentes desempe\u00f1ando nuestras labores.<\/p><\/div><\/div>\t\t\t\t<\/div>\n\t\t\t\t<\/div>\n\t\t\t\t\t<\/div>\n\t\t<\/div>\n\t\t\t\t<div class=\"elementor-column elementor-col-33 elementor-top-column elementor-element elementor-element-cfa907b elementor-invisible\" data-id=\"cfa907b\" data-element_type=\"column\" data-settings=\"{&quot;animation&quot;:&quot;fadeInRight&quot;}\">\n\t\t\t<div class=\"elementor-widget-wrap elementor-element-populated\">\n\t\t\t\t\t\t<div class=\"elementor-element elementor-element-b39d9ab elementor-position-top elementor-widget elementor-widget-image-box\" data-id=\"b39d9ab\" data-element_type=\"widget\" data-widget_type=\"image-box.default\">\n\t\t\t\t<div class=\"elementor-widget-container\">\n\t\t\t\t\t<div class=\"elementor-image-box-wrapper\"><figure class=\"elementor-image-box-img\"><img loading=\"lazy\" decoding=\"async\" width=\"190\" height=\"183\" src=\"https:\/\/ciscomedical.com\/wp-content\/uploads\/2020\/10\/Icon_3-1.png\" class=\"attachment-full size-full wp-image-673\" alt=\"\" \/><\/figure><div class=\"elementor-image-box-content\"><h3 class=\"elementor-image-box-title\">VALORES<\/h3><p class=\"elementor-image-box-description\">Honestidad,\n\nRespeto,\n\nLealtad,\n\nDisciplina,\n\nIntegridad,\n\nCompa\u00f1erismo.<\/p><\/div><\/div>\t\t\t\t<\/div>\n\t\t\t\t<\/div>\n\t\t\t\t\t<\/div>\n\t\t<\/div>\n\t\t\t\t\t<\/div>\n\t\t<\/section>\n\t\t\t\t<section class=\"elementor-section elementor-top-section elementor-element elementor-element-6dc72b3 elementor-section-content-top elementor-section-stretched elementor-section-boxed elementor-section-height-default elementor-section-height-default\" data-id=\"6dc72b3\" data-element_type=\"section\" data-settings=\"{&quot;stretch_section&quot;:&quot;section-stretched&quot;,&quot;background_background&quot;:&quot;classic&quot;}\">\n\t\t\t\t\t\t<div class=\"elementor-container elementor-column-gap-no\">\n\t\t\t\t\t<div class=\"elementor-column elementor-col-50 elementor-top-column elementor-element elementor-element-c296a49 elementor-invisible\" data-id=\"c296a49\" data-element_type=\"column\" data-settings=\"{&quot;animation&quot;:&quot;fadeInLeft&quot;}\">\n\t\t\t<div class=\"elementor-widget-wrap elementor-element-populated\">\n\t\t\t\t\t\t<div class=\"elementor-element elementor-element-ca6f171 elementor-widget elementor-widget-text-editor\" data-id=\"ca6f171\" data-element_type=\"widget\" data-widget_type=\"text-editor.default\">\n\t\t\t\t<div class=\"elementor-widget-container\">\n\t\t\t\t\t\t\t\t\t<pre><strong>Apasionado por la alta tecnolog\u00eda aplicada a la medicina,<\/strong><br \/><br \/><strong>Estamos aqu\u00ed para ti.<\/strong><\/pre><pre id=\"tw-target-text\" class=\"tw-data-text tw-text-large tw-ta\" dir=\"ltr\" data-placeholder=\"Traducci\u00f3n\"><span class=\"Y2IQFc\" lang=\"es\">\u00a0<\/span><\/pre>\t\t\t\t\t\t\t\t<\/div>\n\t\t\t\t<\/div>\n\t\t\t\t<div class=\"elementor-element elementor-element-4ad292d elementor-widget elementor-widget-text-editor\" data-id=\"4ad292d\" data-element_type=\"widget\" data-widget_type=\"text-editor.default\">\n\t\t\t\t<div class=\"elementor-widget-container\">\n\t\t\t\t\t\t\t\t\t<p>\u201cDonde quiera que se ama el arte de la medicina se ama tambi\u00e9n a la humanidad.\u201d<\/p><pre id=\"tw-target-text\" class=\"tw-data-text tw-text-large tw-ta\" dir=\"ltr\" data-placeholder=\"Traducci\u00f3n\"><span class=\"Y2IQFc\" lang=\"es\">\u00a0<\/span><\/pre>\t\t\t\t\t\t\t\t<\/div>\n\t\t\t\t<\/div>\n\t\t\t\t<section class=\"elementor-section elementor-inner-section elementor-element elementor-element-0c5775e elementor-section-boxed elementor-section-height-default elementor-section-height-default\" data-id=\"0c5775e\" data-element_type=\"section\">\n\t\t\t\t\t\t<div class=\"elementor-container elementor-column-gap-no\">\n\t\t\t\t\t<div class=\"elementor-column elementor-col-50 elementor-inner-column elementor-element elementor-element-33647de\" data-id=\"33647de\" data-element_type=\"column\" data-settings=\"{&quot;background_background&quot;:&quot;classic&quot;}\">\n\t\t\t<div class=\"elementor-widget-wrap elementor-element-populated\">\n\t\t\t\t\t\t<div class=\"elementor-element elementor-element-8d8cbb2 elementor-widget elementor-widget-heading\" data-id=\"8d8cbb2\" data-element_type=\"widget\" data-widget_type=\"heading.default\">\n\t\t\t\t<div class=\"elementor-widget-container\">\n\t\t\t\t\t<h2 class=\"elementor-heading-title elementor-size-default\">2000+<\/h2>\t\t\t\t<\/div>\n\t\t\t\t<\/div>\n\t\t\t\t<div class=\"elementor-element elementor-element-3c51920 elementor-widget elementor-widget-text-editor\" data-id=\"3c51920\" data-element_type=\"widget\" data-widget_type=\"text-editor.default\">\n\t\t\t\t<div class=\"elementor-widget-container\">\n\t\t\t\t\t\t\t\t\t<pre id=\"tw-target-text\" class=\"tw-data-text tw-text-large tw-ta\" dir=\"ltr\" data-placeholder=\"Traducci\u00f3n\"><span class=\"Y2IQFc\" lang=\"es\">Pacientes Felices<\/span><\/pre>\t\t\t\t\t\t\t\t<\/div>\n\t\t\t\t<\/div>\n\t\t\t\t\t<\/div>\n\t\t<\/div>\n\t\t\t\t<div class=\"elementor-column elementor-col-50 elementor-inner-column elementor-element elementor-element-6d85df0\" data-id=\"6d85df0\" data-element_type=\"column\" data-settings=\"{&quot;background_background&quot;:&quot;classic&quot;}\">\n\t\t\t<div class=\"elementor-widget-wrap elementor-element-populated\">\n\t\t\t\t\t\t<div class=\"elementor-element elementor-element-e4db752 elementor-widget elementor-widget-heading\" data-id=\"e4db752\" data-element_type=\"widget\" data-widget_type=\"heading.default\">\n\t\t\t\t<div class=\"elementor-widget-container\">\n\t\t\t\t\t<h2 class=\"elementor-heading-title elementor-size-default\">30+<\/h2>\t\t\t\t<\/div>\n\t\t\t\t<\/div>\n\t\t\t\t<div class=\"elementor-element elementor-element-7a75d7e elementor-widget elementor-widget-text-editor\" data-id=\"7a75d7e\" data-element_type=\"widget\" data-widget_type=\"text-editor.default\">\n\t\t\t\t<div class=\"elementor-widget-container\">\n\t\t\t\t\t\t\t\t\t<div id=\"tw-target-text-masculine-container\" class=\"tw-ta-container F0azHf tw-nfl\" tabindex=\"0\"><pre id=\"tw-target-text-masculine\" class=\"tw-data-text tw-text-large tw-ta\" dir=\"ltr\" data-placeholder=\"Traducci\u00f3n\"><span class=\"Y2IQFc\" lang=\"es\">Doctores expertos<\/span><\/pre><\/div><div class=\"iYB33c\"><div class=\"dlJLJe\">\u00a0<\/div><div id=\"tw-tmenu\" class=\"tw-menu\"><span id=\"tw-cpy-btn\" class=\"tw-menu-btn\" tabindex=\"0\" title=\"Copiar\" role=\"button\" data-action-target=\"masculine\" aria-label=\"Copiar texto\" data-ved=\"2ahUKEwjRxPPKh6b_AhWPTTABHXUJDFMQ69UBegQIBRAd\"><\/span><span id=\"tw-spkr-masculine-button\" class=\"tw-menu-btn za3ale\" tabindex=\"0\" role=\"button\" data-action-target=\"masculine\" data-sttse=\"true\" aria-label=\"Texto a voz\" data-ved=\"2ahUKEwjRxPPKh6b_AhWPTTABHXUJDFMQv7cBegQIBRAf\"><\/span><div class=\"U4KnXc QlcHMc\" data-cgi-param=\"tob_sbp\" data-direction=\"1\" data-fp-cid=\"\" data-id=\"translate_search_button\" data-spor=\"false\" data-ved=\"2ahUKEwjRxPPKh6b_AhWPTTABHXUJDFMQj4QJegQIBRAg\"><div class=\"BOyx7\"><div class=\"SD5Cxb NHg2wd\">\u00a0<\/div><\/div><\/div><\/div><\/div>\t\t\t\t\t\t\t\t<\/div>\n\t\t\t\t<\/div>\n\t\t\t\t\t<\/div>\n\t\t<\/div>\n\t\t\t\t\t<\/div>\n\t\t<\/section>\n\t\t\t\t\t<\/div>\n\t\t<\/div>\n\t\t\t\t<div class=\"elementor-column elementor-col-50 elementor-top-column elementor-element elementor-element-709203b elementor-invisible\" data-id=\"709203b\" data-element_type=\"column\" data-settings=\"{&quot;animation&quot;:&quot;fadeInRight&quot;}\">\n\t\t\t<div class=\"elementor-widget-wrap elementor-element-populated\">\n\t\t\t\t\t\t<div class=\"elementor-element elementor-element-39a928b elementor-widget elementor-widget-image\" data-id=\"39a928b\" data-element_type=\"widget\" data-widget_type=\"image.default\">\n\t\t\t\t<div class=\"elementor-widget-container\">\n\t\t\t\t\t\t\t\t\t\t\t\t\t\t\t<img loading=\"lazy\" decoding=\"async\" width=\"700\" height=\"701\" src=\"https:\/\/ciscomedical.com\/wp-content\/uploads\/2020\/10\/Image.png\" class=\"attachment-full size-full wp-image-324\" alt=\"\" \/>\t\t\t\t\t\t\t\t\t\t\t\t\t\t\t<\/div>\n\t\t\t\t<\/div>\n\t\t\t\t\t<\/div>\n\t\t<\/div>\n\t\t\t\t\t<\/div>\n\t\t<\/section>\n\t\t\t\t<section class=\"elementor-section elementor-top-section elementor-element elementor-element-89f6001 elementor-section-boxed elementor-section-height-default elementor-section-height-default elementor-invisible\" data-id=\"89f6001\" data-element_type=\"section\" data-settings=\"{&quot;animation&quot;:&quot;fadeInUp&quot;}\">\n\t\t\t\t\t\t<div class=\"elementor-container elementor-column-gap-no\">\n\t\t\t\t\t<div class=\"elementor-column elementor-col-100 elementor-top-column elementor-element elementor-element-ea80aff\" data-id=\"ea80aff\" data-element_type=\"column\">\n\t\t\t<div class=\"elementor-widget-wrap elementor-element-populated\">\n\t\t\t\t\t\t<div class=\"elementor-element elementor-element-c4f753e elementor-widget elementor-widget-heading\" data-id=\"c4f753e\" data-element_type=\"widget\" data-widget_type=\"heading.default\">\n\t\t\t\t<div class=\"elementor-widget-container\">\n\t\t\t\t\t<h2 class=\"elementor-heading-title elementor-size-default\">Nuestros Doctores Dedicados<\/h2>\t\t\t\t<\/div>\n\t\t\t\t<\/div>\n\t\t\t\t<div class=\"elementor-element elementor-element-f2a8760 elementor-widget elementor-widget-text-editor\" data-id=\"f2a8760\" data-element_type=\"widget\" data-widget_type=\"text-editor.default\">\n\t\t\t\t<div class=\"elementor-widget-container\">\n\t\t\t\t\t\t\t\t\t<pre id=\"tw-target-text\" class=\"tw-data-text tw-text-large tw-ta\" dir=\"ltr\" data-placeholder=\"Traducci\u00f3n\"><span class=\"Y2IQFc\" lang=\"es\">La conciencia de que la salud depende de los h\u00e1bitos<\/span><\/pre>\t\t\t\t\t\t\t\t<\/div>\n\t\t\t\t<\/div>\n\t\t\t\t<section class=\"elementor-section elementor-inner-section elementor-element elementor-element-ab848f0 elementor-section-boxed elementor-section-height-default elementor-section-height-default\" data-id=\"ab848f0\" data-element_type=\"section\">\n\t\t\t\t\t\t<div class=\"elementor-container elementor-column-gap-no\">\n\t\t\t\t\t<div class=\"elementor-column elementor-col-25 elementor-inner-column elementor-element elementor-element-7b3f320\" data-id=\"7b3f320\" data-element_type=\"column\">\n\t\t\t<div class=\"elementor-widget-wrap\">\n\t\t\t\t\t\t\t<\/div>\n\t\t<\/div>\n\t\t\t\t<div class=\"elementor-column elementor-col-25 elementor-inner-column elementor-element elementor-element-4065e69\" data-id=\"4065e69\" data-element_type=\"column\">\n\t\t\t<div class=\"elementor-widget-wrap\">\n\t\t\t\t\t\t\t<\/div>\n\t\t<\/div>\n\t\t\t\t<div class=\"elementor-column elementor-col-25 elementor-inner-column elementor-element elementor-element-a7f4f40\" data-id=\"a7f4f40\" data-element_type=\"column\">\n\t\t\t<div class=\"elementor-widget-wrap\">\n\t\t\t\t\t\t\t<\/div>\n\t\t<\/div>\n\t\t\t\t<div class=\"elementor-column elementor-col-25 elementor-inner-column elementor-element elementor-element-83843aa\" data-id=\"83843aa\" data-element_type=\"column\">\n\t\t\t<div class=\"elementor-widget-wrap\">\n\t\t\t\t\t\t\t<\/div>\n\t\t<\/div>\n\t\t\t\t\t<\/div>\n\t\t<\/section>\n\t\t\t\t\t<\/div>\n\t\t<\/div>\n\t\t\t\t\t<\/div>\n\t\t<\/section>\n\t\t\t\t<section class=\"elementor-section elementor-top-section elementor-element elementor-element-0fe873f elementor-section-boxed elementor-section-height-default elementor-section-height-default elementor-invisible\" data-id=\"0fe873f\" data-element_type=\"section\" data-settings=\"{&quot;animation&quot;:&quot;fadeIn&quot;}\">\n\t\t\t\t\t\t<div class=\"elementor-container elementor-column-gap-no\">\n\t\t\t\t\t<div class=\"elementor-column elementor-col-100 elementor-top-column elementor-element elementor-element-f838fa9\" data-id=\"f838fa9\" data-element_type=\"column\">\n\t\t\t<div class=\"elementor-widget-wrap elementor-element-populated\">\n\t\t\t\t\t\t<div class=\"elementor-element elementor-element-a219781 elementor-widget elementor-widget-testimonials\" data-id=\"a219781\" data-element_type=\"widget\" data-widget_type=\"testimonials.default\">\n\t\t\t\t<div class=\"elementor-widget-container\">\n\t\t\t\t\t\t\t\t\r\n\t\t\t<div class=\"etheme-testimonials etheme-testimonials-grid\">\r\n\t\t\t\t\r\n\t\t\t\t\t\t\t\t\t\t\t\r\n\t\t\t\t\t\t\t<div class=\"testimonial style-1\">\r\n\t\t\t\t\t\t\t\t\r\n\t\t\t\t\t\t\t\t<div class=\"content-wrapper\">\r\n\t\t\t\t\t\t\t\t\t\r\n\t\t\t\t\t\t\t\t\t\t\t\t\t\t\t\t\t\t\r\n\t\t\t\t\t\t\t\t\t<div class=\"inner-content\">\r\n\t\t\t\t\t\t\t\t\t\t\r\n\t\t\t\t\t\t\t\t\t\t\t\t\t\t\t\t\t\t<span class=\"star-rating-wrapper\"><span class=\"star-rating\"><span style=\"width: 100%\"><\/span><\/span><\/span>\r\n\t\t\t\t\t\t\t\t\t\t\t\t\t\t\t<span class=\"content\"><p>nos han reconocido por tener el medio de contraste con osmolaridad mas baja del mundo<\/p><\/span>\r\n\t\t\t\t\t\t\t\t\t\t\t\t\t\t<span><img loading=\"lazy\" width=\"150\" height=\"150\" src=\"https:\/\/ciscomedical.com\/wp-content\/uploads\/2023\/06\/347196481_584540263819063_249756981412212937_n-150x150.jpg\" class=\"attachment-thumbnail size-thumbnail wp-image-6120\" alt=\"\" decoding=\"async\" srcset=\"https:\/\/ciscomedical.com\/wp-content\/uploads\/2023\/06\/347196481_584540263819063_249756981412212937_n-150x150.jpg 150w, https:\/\/ciscomedical.com\/wp-content\/uploads\/2023\/06\/347196481_584540263819063_249756981412212937_n-300x300.jpg 300w, https:\/\/ciscomedical.com\/wp-content\/uploads\/2023\/06\/347196481_584540263819063_249756981412212937_n-100x100.jpg 100w, https:\/\/ciscomedical.com\/wp-content\/uploads\/2023\/06\/347196481_584540263819063_249756981412212937_n-600x600.jpg 600w, https:\/\/ciscomedical.com\/wp-content\/uploads\/2023\/06\/347196481_584540263819063_249756981412212937_n-1x1.jpg 1w, https:\/\/ciscomedical.com\/wp-content\/uploads\/2023\/06\/347196481_584540263819063_249756981412212937_n-10x10.jpg 10w, https:\/\/ciscomedical.com\/wp-content\/uploads\/2023\/06\/347196481_584540263819063_249756981412212937_n.jpg 640w\" sizes=\"(max-width: 150px) 100vw, 150px\" \/><\/span>\t\t\t\t\t\t\t\t<span class=\"name\">cisco medical<\/span>\r\n\t\t\t\t\t\t\t\t\t\t\t\t\t\t\t<span class=\"country\">merida<\/span>\r\n\t\t\t\t\t\t\t\t\t\t\t\t\t\t\t\t\t\t\t\t\t\t\t\r\n\t\t\t\t\t\t\t\t\t<\/div>\r\n\t\t\t\t\t\t\t\t\t\r\n\t\t\t\t\t\t\t\t\t\t\t\t\t\t\t\t\t\r\n\t\t\t\t\t\t\t\t<\/div>\r\n\t\t\t\t\t\t\t\r\n\t\t\t\t\t\t\t<\/div>\r\n\t\t\t\t\t\t\t\r\n\t\t\t\t\t\t\t\t\t\t\t\t\t\t\t\t\r\n\t\t\t<\/div>\r\n\t\t\t\r\n\t\t\t\t\t\t\t<\/div>\n\t\t\t\t<\/div>\n\t\t\t\t\t<\/div>\n\t\t<\/div>\n\t\t\t\t\t<\/div>\n\t\t<\/section>\n\t\t\t\t<\/div>\n\t\t","protected":false},"excerpt":{"rendered":"<p>SOMOS UNA EMPRESA CON PRESENCIA EN EL MERCADO DE LA SALUDDESDE 2020 Con especialidad en medios de contraste que actualmente cuenta con cobertura en mexico&#8230;<\/p>\n","protected":false},"author":1,"featured_media":0,"parent":0,"menu_order":0,"comment_status":"closed","ping_status":"closed","template":"","meta":{"om_disable_all_campaigns":false,"_monsterinsights_skip_tracking":false,"_monsterinsights_sitenote_active":false,"_monsterinsights_sitenote_note":"","_monsterinsights_sitenote_category":0,"footnotes":""},"aioseo_notices":[],"_links":{"self":[{"href":"https:\/\/ciscomedical.com\/index.php\/wp-json\/wp\/v2\/pages\/28"}],"collection":[{"href":"https:\/\/ciscomedical.com\/index.php\/wp-json\/wp\/v2\/pages"}],"about":[{"href":"https:\/\/ciscomedical.com\/index.php\/wp-json\/wp\/v2\/types\/page"}],"author":[{"embeddable":true,"href":"https:\/\/ciscomedical.com\/index.php\/wp-json\/wp\/v2\/users\/1"}],"replies":[{"embeddable":true,"href":"https:\/\/ciscomedical.com\/index.php\/wp-json\/wp\/v2\/comments?post=28"}],"version-history":[{"count":55,"href":"https:\/\/ciscomedical.com\/index.php\/wp-json\/wp\/v2\/pages\/28\/revisions"}],"predecessor-version":[{"id":6257,"href":"https:\/\/ciscomedical.com\/index.php\/wp-json\/wp\/v2\/pages\/28\/revisions\/6257"}],"wp:attachment":[{"href":"https:\/\/ciscomedical.com\/index.php\/wp-json\/wp\/v2\/media?parent=28"}],"curies":[{"name":"wp","href":"https:\/\/api.w.org\/{rel}","templated":true}]}}