{"id":6843,"date":"2024-08-04T20:27:30","date_gmt":"2024-08-04T20:27:30","guid":{"rendered":"https:\/\/ciscomedical.com\/?page_id=6843"},"modified":"2024-08-06T21:37:56","modified_gmt":"2024-08-06T21:37:56","slug":"cea-consultorios","status":"publish","type":"page","link":"https:\/\/ciscomedical.com\/index.php\/cea-consultorios\/","title":{"rendered":"CEA Consultorios"},"content":{"rendered":"<section class=\"wpb-content-wrapper\"><p>[vc_row full_width=&#8221;stretch_row&#8221; _et_uniqid=&#8221;et_custom_uniqid_new_66b282594b981&#8243; css=&#8221;.vc_custom_1722974817800{padding-top: 100px !important;padding-bottom: 50px !important;background-color: #e6e6e6 !important;}&#8221;][vc_column][vc_row_inner][vc_column_inner width=&#8221;1\/6&#8243;][\/vc_column_inner][vc_column_inner width=&#8221;2\/3&#8243;][vc_custom_heading text=&#8221;Beneficios&#8221; font_container=&#8221;tag:h2|font_size:35px|text_align:center|color:%234d4d4d&#8221; use_theme_fonts=&#8221;yes&#8221; css_animation=&#8221;fadeInUp&#8221;][\/vc_column_inner][vc_column_inner width=&#8221;1\/6&#8243;][\/vc_column_inner][\/vc_row_inner][vc_row_inner content_placement=&#8221;middle&#8221; gap=&#8221;10&#8243; _et_uniqid=&#8221;et_custom_uniqid_new_66b28682e5de8&#8243; css=&#8221;.vc_custom_1722975877656{padding-top: 5px !important;padding-bottom: 5px !important;}&#8221;][vc_column_inner width=&#8221;1\/4&#8243;][vc_single_image image=&#8221;6870&#8243; alignment=&#8221;center&#8221; el_class=&#8221;icon-cruz&#8221;][\/vc_column_inner][vc_column_inner width=&#8221;3\/4&#8243;][vc_column_text el_class=&#8221;texto-cruz&#8221;]<\/p>\n<p style=\"text-align: left;\">Ubicaci\u00f3n estrat\u00e9gica con alta a\ufb02uencia de pacientes.<\/p>\n<p>[\/vc_column_text][\/vc_column_inner][\/vc_row_inner][vc_row_inner content_placement=&#8221;middle&#8221; gap=&#8221;10&#8243; _et_uniqid=&#8221;et_custom_uniqid_new_66b28682e5de8&#8243; css=&#8221;.vc_custom_1722975877656{padding-top: 5px !important;padding-bottom: 5px !important;}&#8221;][vc_column_inner width=&#8221;1\/4&#8243;][vc_single_image image=&#8221;6870&#8243; alignment=&#8221;center&#8221; el_class=&#8221;icon-cruz&#8221;][\/vc_column_inner][vc_column_inner width=&#8221;3\/4&#8243;][vc_column_text el_class=&#8221;texto-cruz&#8221;]<\/p>\n<p style=\"text-align: left;\">Dise\u00f1o moderno y funcional optimizado para la atenci\u00f3n m\u00e9dica .<\/p>\n<p>[\/vc_column_text][\/vc_column_inner][\/vc_row_inner][vc_row_inner content_placement=&#8221;middle&#8221; gap=&#8221;10&#8243; _et_uniqid=&#8221;et_custom_uniqid_new_66b28682e5de8&#8243; css=&#8221;.vc_custom_1722975877656{padding-top: 5px !important;padding-bottom: 5px !important;}&#8221;][vc_column_inner width=&#8221;1\/4&#8243;][vc_single_image image=&#8221;6870&#8243; alignment=&#8221;center&#8221; el_class=&#8221;icon-cruz&#8221;][\/vc_column_inner][vc_column_inner width=&#8221;3\/4&#8243;][vc_column_text el_class=&#8221;texto-cruz&#8221;]<\/p>\n<p style=\"text-align: left;\">Acabados de primera calidad y tecnolog\u00eda de punta.<\/p>\n<p>[\/vc_column_text][\/vc_column_inner][\/vc_row_inner][vc_row_inner content_placement=&#8221;middle&#8221; gap=&#8221;10&#8243; _et_uniqid=&#8221;et_custom_uniqid_new_66b28682e5de8&#8243; css=&#8221;.vc_custom_1722975877656{padding-top: 5px !important;padding-bottom: 5px !important;}&#8221;][vc_column_inner width=&#8221;1\/4&#8243;][vc_single_image image=&#8221;6870&#8243; alignment=&#8221;center&#8221; el_class=&#8221;icon-cruz&#8221;][\/vc_column_inner][vc_column_inner width=&#8221;3\/4&#8243;][vc_column_text el_class=&#8221;texto-cruz&#8221;]<\/p>\n<p style=\"text-align: left;\">Flexibilidad de personalizaci\u00f3n para adaptarse a sus necesidades<\/p>\n<p>[\/vc_column_text][\/vc_column_inner][\/vc_row_inner][\/vc_column][\/vc_row][vc_row full_width=&#8221;stretch_row&#8221; _et_uniqid=&#8221;et_custom_uniqid_new_66b28d37d0863&#8243; css=&#8221;.vc_custom_1722977591519{padding-top: 100px !important;padding-bottom: 0px !important;background-color: #ffffff !important;}&#8221;][vc_column][vc_row_inner css=&#8221;.vc_custom_1722976968372{padding-bottom: 30px !important;}&#8221; _et_uniqid=&#8221;et_custom_uniqid_new_66b28ac3ab63d&#8221;][vc_column_inner width=&#8221;1\/6&#8243;][\/vc_column_inner][vc_column_inner width=&#8221;2\/3&#8243;][vc_custom_heading text=&#8221;Consultorios (Exterior)&#8221; font_container=&#8221;tag:h2|font_size:35px|text_align:center|color:%234d4d4d&#8221; use_theme_fonts=&#8221;yes&#8221; css_animation=&#8221;fadeInUp&#8221;][\/vc_column_inner][vc_column_inner width=&#8221;1\/6&#8243;][\/vc_column_inner][\/vc_row_inner][vc_row_inner][vc_column_inner]\n\t\t\t<!-- START Slider 2 1 REVOLUTION SLIDER 6.6.13 --><p class=\"rs-p-wp-fix\"><\/p>\n\t\t\t<rs-module-wrap id=\"rev_slider_3_1_wrapper\" data-source=\"gallery\" style=\"visibility:hidden;background:transparent;padding:0;margin:0px auto;margin-top:0;margin-bottom:0;\">\n\t\t\t\t<rs-module id=\"rev_slider_3_1\" style=\"\" data-version=\"6.6.13\">\n\t\t\t\t\t<rs-slides style=\"overflow: hidden; position: absolute;\">\n\t\t\t\t\t\t<rs-slide style=\"position: absolute;\" data-key=\"rs-6\" data-title=\"Slide\" data-in=\"o:0;\" data-out=\"a:false;\">\n\t\t\t\t\t\t\t<img src=\"\/\/ciscomedical.com\/wp-content\/plugins\/revslider\/public\/assets\/assets\/dummy.png\" alt=\"\" title=\"Exterior 1\" width=\"1280\" height=\"719\" class=\"rev-slidebg tp-rs-img rs-lazyload\" data-lazyload=\"\/\/ciscomedical.com\/wp-content\/uploads\/2024\/08\/Exterior-1.webp\" data-no-retina>\n<!---->\t\t\t\t\t\t<\/rs-slide>\n\t\t\t\t\t\t<rs-slide style=\"position: absolute;\" data-key=\"rs-9\" data-title=\"Slide\" data-in=\"o:0;\" data-out=\"a:false;\">\n\t\t\t\t\t\t\t<img src=\"\/\/ciscomedical.com\/wp-content\/plugins\/revslider\/public\/assets\/assets\/dummy.png\" alt=\"\" title=\"Exterior 2\" width=\"1434\" height=\"720\" class=\"rev-slidebg tp-rs-img rs-lazyload\" data-lazyload=\"\/\/ciscomedical.com\/wp-content\/uploads\/2024\/08\/Exterior-2.webp\" data-no-retina>\n<!---->\t\t\t\t\t\t<\/rs-slide>\n\t\t\t\t\t\t<rs-slide style=\"position: absolute;\" data-key=\"rs-10\" data-title=\"Slide\" data-in=\"o:0;\" data-out=\"a:false;\">\n\t\t\t\t\t\t\t<img src=\"\/\/ciscomedical.com\/wp-content\/plugins\/revslider\/public\/assets\/assets\/dummy.png\" alt=\"\" title=\"Exterior 3\" width=\"1088\" height=\"720\" class=\"rev-slidebg tp-rs-img rs-lazyload\" data-lazyload=\"\/\/ciscomedical.com\/wp-content\/uploads\/2024\/08\/Exterior-3.webp\" data-no-retina>\n<!---->\t\t\t\t\t\t<\/rs-slide>\n\t\t\t\t\t\t<rs-slide style=\"position: absolute;\" data-key=\"rs-11\" data-title=\"Slide\" data-in=\"o:0;\" data-out=\"a:false;\">\n\t\t\t\t\t\t\t<img src=\"\/\/ciscomedical.com\/wp-content\/plugins\/revslider\/public\/assets\/assets\/dummy.png\" alt=\"\" title=\"Exterior 4\" width=\"1029\" height=\"720\" class=\"rev-slidebg tp-rs-img rs-lazyload\" data-lazyload=\"\/\/ciscomedical.com\/wp-content\/uploads\/2024\/08\/Exterior-4.webp\" data-no-retina>\n<!---->\t\t\t\t\t\t<\/rs-slide>\n\t\t\t\t\t<\/rs-slides>\n\t\t\t\t\t<rs-static-layers><!--\n\t\t\t\t\t--><\/rs-static-layers>\n\t\t\t\t<\/rs-module>\n\t\t\t\t<script>\n\t\t\t\t\tsetREVStartSize({c: 'rev_slider_3_1',rl:[1240,1024,778,480],el:[1082],gw:[1926],gh:[1082],type:'standard',justify:'',layout:'fullwidth',mh:\"0\"});if (window.RS_MODULES!==undefined && window.RS_MODULES.modules!==undefined && window.RS_MODULES.modules[\"revslider31\"]!==undefined) {window.RS_MODULES.modules[\"revslider31\"].once = false;window.revapi3 = undefined;if (window.RS_MODULES.checkMinimal!==undefined) window.RS_MODULES.checkMinimal()}\n\t\t\t\t<\/script>\n\t\t\t<\/rs-module-wrap>\n\t\t\t<!-- END REVOLUTION SLIDER -->\n[\/vc_column_inner][\/vc_row_inner][\/vc_column][\/vc_row][vc_row full_width=&#8221;stretch_row&#8221; _et_uniqid=&#8221;et_custom_uniqid_new_66b282594b981&#8243; css=&#8221;.vc_custom_1722974817800{padding-top: 100px !important;padding-bottom: 50px !important;background-color: #e6e6e6 !important;}&#8221;][vc_column][vc_row_inner][vc_column_inner width=&#8221;1\/6&#8243;][\/vc_column_inner][vc_column_inner width=&#8221;2\/3&#8243;][vc_custom_heading text=&#8221;3 Pisos exclusivos para servicios m\u00e9dicos&#8221; font_container=&#8221;tag:h2|font_size:35px|text_align:center|color:%234d4d4d&#8221; use_theme_fonts=&#8221;yes&#8221; css_animation=&#8221;fadeInUp&#8221;][\/vc_column_inner][vc_column_inner width=&#8221;1\/6&#8243;][\/vc_column_inner][\/vc_row_inner][vc_row_inner content_placement=&#8221;middle&#8221; gap=&#8221;10&#8243; _et_uniqid=&#8221;et_custom_uniqid_new_66b28cdbd7132&#8243; css=&#8221;.vc_custom_1722977498190{padding-top: 30px !important;}&#8221;][vc_column_inner width=&#8221;1\/2&#8243;][vc_column_text]<strong>2700 m destinados a:<\/strong><\/p>\n<ul>\n<li>Ba\u00f1os p\u00fablicos<\/li>\n<li>Farmacia<\/li>\n<li>Cafeter\u00eda<\/li>\n<li>Internet de Starlink<\/li>\n<li>Estacionamiento<\/li>\n<li>Elevador<\/li>\n<li>Planta de tratamiento de agua<\/li>\n<li>Planta de aguas residuales<\/li>\n<\/ul>\n<p>[\/vc_column_text][vc_btn title=&#8221;\u00a1Agenda una visita!&#8221; style=&#8221;flat&#8221; color=&#8221;primary&#8221; align=&#8221;left&#8221; link=&#8221;url:https%3A%2F%2Fwa.link%2Fbbgxp0|target:_blank&#8221;][\/vc_column_inner][vc_column_inner width=&#8221;1\/2&#8243;][vc_single_image image=&#8221;6892&#8243; img_size=&#8221;full&#8221; alignment=&#8221;center&#8221;][\/vc_column_inner][\/vc_row_inner][\/vc_column][\/vc_row][vc_row full_width=&#8221;stretch_row&#8221; _et_uniqid=&#8221;et_custom_uniqid_new_66b28d37d0863&#8243; css=&#8221;.vc_custom_1722977591519{padding-top: 100px !important;padding-bottom: 0px !important;background-color: #ffffff !important;}&#8221;][vc_column][vc_row_inner css=&#8221;.vc_custom_1722976968372{padding-bottom: 30px !important;}&#8221; _et_uniqid=&#8221;et_custom_uniqid_new_66b28ac3ab63d&#8221;][vc_column_inner width=&#8221;1\/6&#8243;][\/vc_column_inner][vc_column_inner width=&#8221;2\/3&#8243;][vc_custom_heading text=&#8221;Consultorios (Interior)&#8221; font_container=&#8221;tag:h2|font_size:35px|text_align:center|color:%234d4d4d&#8221; use_theme_fonts=&#8221;yes&#8221; css_animation=&#8221;fadeInUp&#8221;][\/vc_column_inner][vc_column_inner width=&#8221;1\/6&#8243;][\/vc_column_inner][\/vc_row_inner][vc_row_inner][vc_column_inner]\n\t\t\t<!-- START Slider 2 1 1 REVOLUTION SLIDER 6.6.13 --><p class=\"rs-p-wp-fix\"><\/p>\n\t\t\t<rs-module-wrap id=\"rev_slider_4_2_wrapper\" data-source=\"gallery\" style=\"visibility:hidden;background:transparent;padding:0;margin:0px auto;margin-top:0;margin-bottom:0;\">\n\t\t\t\t<rs-module id=\"rev_slider_4_2\" style=\"\" data-version=\"6.6.13\">\n\t\t\t\t\t<rs-slides style=\"overflow: hidden; position: absolute;\">\n\t\t\t\t\t\t<rs-slide style=\"position: absolute;\" data-key=\"rs-12\" data-title=\"Slide\" data-thumb=\"\/\/ciscomedical.com\/wp-content\/uploads\/2024\/08\/Interior-1-50x100.jpg\" data-in=\"o:0;\" data-out=\"a:false;\">\n\t\t\t\t\t\t\t<img src=\"\/\/ciscomedical.com\/wp-content\/plugins\/revslider\/public\/assets\/assets\/dummy.png\" alt=\"\" title=\"Interior 1\" width=\"1597\" height=\"1021\" class=\"rev-slidebg tp-rs-img rs-lazyload\" data-lazyload=\"\/\/ciscomedical.com\/wp-content\/uploads\/2024\/08\/Interior-1.jpg\" data-no-retina>\n<!---->\t\t\t\t\t\t<\/rs-slide>\n\t\t\t\t\t\t<rs-slide style=\"position: absolute;\" data-key=\"rs-13\" data-title=\"Slide\" data-thumb=\"\/\/ciscomedical.com\/wp-content\/uploads\/2024\/08\/Interior-3-50x100.jpeg\" data-in=\"o:0;\" data-out=\"a:false;\">\n\t\t\t\t\t\t\t<img src=\"\/\/ciscomedical.com\/wp-content\/plugins\/revslider\/public\/assets\/assets\/dummy.png\" alt=\"\" title=\"Interior 3\" width=\"1600\" height=\"1119\" class=\"rev-slidebg tp-rs-img rs-lazyload\" data-lazyload=\"\/\/ciscomedical.com\/wp-content\/uploads\/2024\/08\/Interior-3.jpeg\" data-no-retina>\n<!---->\t\t\t\t\t\t<\/rs-slide>\n\t\t\t\t\t\t<rs-slide style=\"position: absolute;\" data-key=\"rs-14\" data-title=\"Slide\" data-thumb=\"\/\/ciscomedical.com\/wp-content\/uploads\/2024\/08\/Interior-2-50x100.jpg\" data-in=\"o:0;\" data-out=\"a:false;\">\n\t\t\t\t\t\t\t<img src=\"\/\/ciscomedical.com\/wp-content\/plugins\/revslider\/public\/assets\/assets\/dummy.png\" alt=\"\" title=\"Interior 2\" width=\"1593\" height=\"825\" class=\"rev-slidebg tp-rs-img rs-lazyload\" data-lazyload=\"\/\/ciscomedical.com\/wp-content\/uploads\/2024\/08\/Interior-2.jpg\" data-no-retina>\n<!---->\t\t\t\t\t\t<\/rs-slide>\n\t\t\t\t\t<\/rs-slides>\n\t\t\t\t\t<rs-static-layers><!--\n\t\t\t\t\t--><\/rs-static-layers>\n\t\t\t\t<\/rs-module>\n\t\t\t\t<script>\n\t\t\t\t\tsetREVStartSize({c: 'rev_slider_4_2',rl:[1240,1024,778,480],el:[1082],gw:[1926],gh:[1082],type:'standard',justify:'',layout:'fullwidth',mh:\"0\"});if (window.RS_MODULES!==undefined && window.RS_MODULES.modules!==undefined && window.RS_MODULES.modules[\"revslider42\"]!==undefined) {window.RS_MODULES.modules[\"revslider42\"].once = false;window.revapi4 = undefined;if (window.RS_MODULES.checkMinimal!==undefined) window.RS_MODULES.checkMinimal()}\n\t\t\t\t<\/script>\n\t\t\t<\/rs-module-wrap>\n\t\t\t<!-- END REVOLUTION SLIDER -->\n[\/vc_column_inner][\/vc_row_inner][\/vc_column][\/vc_row][vc_row full_width=&#8221;stretch_row&#8221; _et_uniqid=&#8221;et_custom_uniqid_new_66b28d37d0863&#8243; css=&#8221;.vc_custom_1722977591519{padding-top: 100px !important;padding-bottom: 0px !important;background-color: #ffffff !important;}&#8221;][vc_column][vc_row_inner css=&#8221;.vc_custom_1722976968372{padding-bottom: 30px !important;}&#8221; _et_uniqid=&#8221;et_custom_uniqid_new_66b28ac3ab63d&#8221;][vc_column_inner width=&#8221;1\/6&#8243;][\/vc_column_inner][vc_column_inner width=&#8221;2\/3&#8243;][vc_custom_heading text=&#8221;Plano Arquitect\u00f3nico&#8221; font_container=&#8221;tag:h2|font_size:35px|text_align:center|color:%234d4d4d&#8221; use_theme_fonts=&#8221;yes&#8221; css_animation=&#8221;fadeInUp&#8221;][\/vc_column_inner][vc_column_inner width=&#8221;1\/6&#8243;][\/vc_column_inner][\/vc_row_inner][vc_row_inner][vc_column_inner]\n\t\t\t<!-- START Slider 2 1 1 1 REVOLUTION SLIDER 6.6.13 --><p class=\"rs-p-wp-fix\"><\/p>\n\t\t\t<rs-module-wrap id=\"rev_slider_5_3_wrapper\" data-source=\"gallery\" style=\"visibility:hidden;background:transparent;padding:0;margin:0px auto;margin-top:0;margin-bottom:0;\">\n\t\t\t\t<rs-module id=\"rev_slider_5_3\" style=\"\" data-version=\"6.6.13\">\n\t\t\t\t\t<rs-slides style=\"overflow: hidden; position: absolute;\">\n\t\t\t\t\t\t<rs-slide style=\"position: absolute;\" data-key=\"rs-16\" data-title=\"Slide\" data-in=\"o:0;\" data-out=\"a:false;\">\n\t\t\t\t\t\t\t<img src=\"\/\/ciscomedical.com\/wp-content\/plugins\/revslider\/public\/assets\/assets\/dummy.png\" alt=\"\" title=\"1 banner PLANTA BAJA\" width=\"1980\" height=\"990\" class=\"rev-slidebg tp-rs-img rs-lazyload\" data-lazyload=\"\/\/ciscomedical.com\/wp-content\/uploads\/2024\/08\/1-banner-PLANTA-BAJA-1.webp\" data-no-retina>\n<!--\n\t\t\t\t\t\t\t--><rs-layer\n\t\t\t\t\t\t\t\tid=\"slider-5-slide-16-layer-1\" \n\t\t\t\t\t\t\t\tdata-type=\"text\"\n\t\t\t\t\t\t\t\tdata-color=\"#0c0c0c\"\n\t\t\t\t\t\t\t\tdata-rsp_ch=\"on\"\n\t\t\t\t\t\t\t\tdata-xy=\"x:c;y:50px;\"\n\t\t\t\t\t\t\t\tdata-text=\"w:normal;s:80;l:90;fw:200;a:center;\"\n\t\t\t\t\t\t\t\tdata-dim=\"minh:0px;\"\n\t\t\t\t\t\t\t\tdata-frame_999=\"o:0;st:w;\"\n\t\t\t\t\t\t\t\tstyle=\"z-index:5;font-family:'Montserrat';\"\n\t\t\t\t\t\t\t>Planta Baja \n\t\t\t\t\t\t\t<\/rs-layer><!--\n-->\t\t\t\t\t\t<\/rs-slide>\n\t\t\t\t\t\t<rs-slide style=\"position: absolute;\" data-key=\"rs-17\" data-title=\"Slide\" data-in=\"o:0;\" data-out=\"a:false;\">\n\t\t\t\t\t\t\t<img src=\"\/\/ciscomedical.com\/wp-content\/plugins\/revslider\/public\/assets\/assets\/dummy.png\" alt=\"\" title=\"2 banner PRIMERA PLANTA\" width=\"1980\" height=\"990\" class=\"rev-slidebg tp-rs-img rs-lazyload\" data-lazyload=\"\/\/ciscomedical.com\/wp-content\/uploads\/2024\/08\/2-banner-PRIMERA-PLANTA-1.webp\" data-no-retina>\n<!--\n\t\t\t\t\t\t\t--><rs-layer\n\t\t\t\t\t\t\t\tid=\"slider-5-slide-17-layer-2\" \n\t\t\t\t\t\t\t\tdata-type=\"text\"\n\t\t\t\t\t\t\t\tdata-color=\"#0c0c0c\"\n\t\t\t\t\t\t\t\tdata-rsp_ch=\"on\"\n\t\t\t\t\t\t\t\tdata-xy=\"x:c;y:50px;\"\n\t\t\t\t\t\t\t\tdata-text=\"w:normal;s:80;l:90;fw:200;a:center;\"\n\t\t\t\t\t\t\t\tdata-dim=\"minh:0px;\"\n\t\t\t\t\t\t\t\tdata-frame_999=\"o:0;st:w;\"\n\t\t\t\t\t\t\t\tstyle=\"z-index:5;font-family:'Montserrat';\"\n\t\t\t\t\t\t\t>Primera Planta \n\t\t\t\t\t\t\t<\/rs-layer><!--\n-->\t\t\t\t\t\t<\/rs-slide>\n\t\t\t\t\t\t<rs-slide style=\"position: absolute;\" data-key=\"rs-18\" data-title=\"Slide\" data-in=\"o:0;\" data-out=\"a:false;\">\n\t\t\t\t\t\t\t<img src=\"\/\/ciscomedical.com\/wp-content\/plugins\/revslider\/public\/assets\/assets\/dummy.png\" alt=\"\" title=\"3 SEGUNDA PLANTA\" width=\"1980\" height=\"990\" class=\"rev-slidebg tp-rs-img rs-lazyload\" data-lazyload=\"\/\/ciscomedical.com\/wp-content\/uploads\/2024\/08\/3-SEGUNDA-PLANTA-1.webp\" data-no-retina>\n<!--\n\t\t\t\t\t\t\t--><rs-layer\n\t\t\t\t\t\t\t\tid=\"slider-5-slide-18-layer-3\" \n\t\t\t\t\t\t\t\tdata-type=\"text\"\n\t\t\t\t\t\t\t\tdata-color=\"#0c0c0c\"\n\t\t\t\t\t\t\t\tdata-rsp_ch=\"on\"\n\t\t\t\t\t\t\t\tdata-xy=\"x:c;y:50px;\"\n\t\t\t\t\t\t\t\tdata-text=\"w:normal;s:80;l:90;fw:200;a:center;\"\n\t\t\t\t\t\t\t\tdata-dim=\"minh:0px;\"\n\t\t\t\t\t\t\t\tdata-frame_999=\"o:0;st:w;\"\n\t\t\t\t\t\t\t\tstyle=\"z-index:5;font-family:'Montserrat';\"\n\t\t\t\t\t\t\t>Segunda Planta \n\t\t\t\t\t\t\t<\/rs-layer><!--\n-->\t\t\t\t\t\t<\/rs-slide>\n\t\t\t\t\t<\/rs-slides>\n\t\t\t\t\t<rs-static-layers><!--\n\t\t\t\t\t--><\/rs-static-layers>\n\t\t\t\t<\/rs-module>\n\t\t\t\t<script>\n\t\t\t\t\tsetREVStartSize({c: 'rev_slider_5_3',rl:[1240,1024,778,480],el:[1082],gw:[1926],gh:[1082],type:'standard',justify:'',layout:'fullwidth',mh:\"0\"});if (window.RS_MODULES!==undefined && window.RS_MODULES.modules!==undefined && window.RS_MODULES.modules[\"revslider53\"]!==undefined) {window.RS_MODULES.modules[\"revslider53\"].once = false;window.revapi5 = undefined;if (window.RS_MODULES.checkMinimal!==undefined) window.RS_MODULES.checkMinimal()}\n\t\t\t\t<\/script>\n\t\t\t<\/rs-module-wrap>\n\t\t\t<!-- END REVOLUTION SLIDER -->\n[\/vc_column_inner][\/vc_row_inner][\/vc_column][\/vc_row][vc_row full_width=&#8221;stretch_row&#8221; _et_uniqid=&#8221;et_custom_uniqid_new_66b297a101749&#8243; css=&#8221;.vc_custom_1722980268370{padding-top: 100px !important;padding-bottom: 50px !important;background-color: #e6e6e6 !important;}&#8221;][vc_column][vc_row_inner content_placement=&#8221;middle&#8221; gap=&#8221;10&#8243; _et_uniqid=&#8221;et_custom_uniqid_new_66b28cdbd7132&#8243; css=&#8221;.vc_custom_1722977498190{padding-top: 30px !important;}&#8221;][vc_column_inner][vc_column_text]<strong>CEA Medical Plaza<\/strong> es un proyecto con m\u00e1s de 2500 m repartidos en tres niveles de construcci\u00f3n integrado por 56 consultorios que contar\u00e1n con toda la infraestructura t\u00e9cnica necesaria para el desarrollo profesional m\u00e9dico.[\/vc_column_text][vc_btn title=&#8221;\u00a1Agenda una visita!&#8221; style=&#8221;flat&#8221; color=&#8221;primary&#8221; align=&#8221;center&#8221; link=&#8221;url:https%3A%2F%2Fwa.link%2Fbbgxp0|target:_blank&#8221;][\/vc_column_inner][\/vc_row_inner][\/vc_column][\/vc_row]<\/p>\n<\/section>","protected":false},"excerpt":{"rendered":"<p>[vc_row full_width=&#8221;stretch_row&#8221; _et_uniqid=&#8221;et_custom_uniqid_new_66b282594b981&#8243; css=&#8221;.vc_custom_1722974817800{padding-top: 100px !important;padding-bottom: 50px !important;background-color: #e6e6e6 !important;}&#8221;][vc_column][vc_row_inner][vc_column_inner width=&#8221;1\/6&#8243;][\/vc_column_inner][vc_column_inner width=&#8221;2\/3&#8243;][vc_custom_heading text=&#8221;Beneficios&#8221; font_container=&#8221;tag:h2|font_size:35px|text_align:center|color:%234d4d4d&#8221; use_theme_fonts=&#8221;yes&#8221; css_animation=&#8221;fadeInUp&#8221;][\/vc_column_inner][vc_column_inner width=&#8221;1\/6&#8243;][\/vc_column_inner][\/vc_row_inner][vc_row_inner content_placement=&#8221;middle&#8221; gap=&#8221;10&#8243; _et_uniqid=&#8221;et_custom_uniqid_new_66b28682e5de8&#8243; css=&#8221;.vc_custom_1722975877656{padding-top: 5px !important;padding-bottom: 5px !important;}&#8221;][vc_column_inner&#8230;<\/p>\n","protected":false},"author":1,"featured_media":0,"parent":0,"menu_order":0,"comment_status":"closed","ping_status":"closed","template":"","meta":{"om_disable_all_campaigns":false,"_monsterinsights_skip_tracking":false,"_monsterinsights_sitenote_active":false,"_monsterinsights_sitenote_note":"","_monsterinsights_sitenote_category":0,"footnotes":""},"aioseo_notices":[],"_links":{"self":[{"href":"https:\/\/ciscomedical.com\/index.php\/wp-json\/wp\/v2\/pages\/6843"}],"collection":[{"href":"https:\/\/ciscomedical.com\/index.php\/wp-json\/wp\/v2\/pages"}],"about":[{"href":"https:\/\/ciscomedical.com\/index.php\/wp-json\/wp\/v2\/types\/page"}],"author":[{"embeddable":true,"href":"https:\/\/ciscomedical.com\/index.php\/wp-json\/wp\/v2\/users\/1"}],"replies":[{"embeddable":true,"href":"https:\/\/ciscomedical.com\/index.php\/wp-json\/wp\/v2\/comments?post=6843"}],"version-history":[{"count":38,"href":"https:\/\/ciscomedical.com\/index.php\/wp-json\/wp\/v2\/pages\/6843\/revisions"}],"predecessor-version":[{"id":6909,"href":"https:\/\/ciscomedical.com\/index.php\/wp-json\/wp\/v2\/pages\/6843\/revisions\/6909"}],"wp:attachment":[{"href":"https:\/\/ciscomedical.com\/index.php\/wp-json\/wp\/v2\/media?parent=6843"}],"curies":[{"name":"wp","href":"https:\/\/api.w.org\/{rel}","templated":true}]}}